{"id":393,"date":"2026-04-16T15:03:08","date_gmt":"2026-04-16T13:03:08","guid":{"rendered":"http:\/\/alldentklinik.hu\/?page_id=393"},"modified":"2026-04-16T18:46:48","modified_gmt":"2026-04-16T16:46:48","slug":"szentmihalyi-monika","status":"publish","type":"page","link":"http:\/\/alldentklinik.hu\/orvosaink\/szentmihalyi-monika\/","title":{"rendered":"Szentmih\u00e1lyi M\u00f3nika"},"content":{"rendered":"\n<figure class=\"wp-block-image size-large\"><img loading=\"lazy\" decoding=\"async\" width=\"647\" height=\"364\" src=\"http:\/\/alldentklinik.hu\/wp-content\/uploads\/2026\/04\/DSC04640-EDIT-647x364.jpg\" alt=\"\" class=\"wp-image-433\" srcset=\"http:\/\/alldentklinik.hu\/wp-content\/uploads\/2026\/04\/DSC04640-EDIT-647x364.jpg 647w, http:\/\/alldentklinik.hu\/wp-content\/uploads\/2026\/04\/DSC04640-EDIT-300x169.jpg 300w, http:\/\/alldentklinik.hu\/wp-content\/uploads\/2026\/04\/DSC04640-EDIT-768x432.jpg 768w, http:\/\/alldentklinik.hu\/wp-content\/uploads\/2026\/04\/DSC04640-EDIT-1536x864.jpg 1536w, http:\/\/alldentklinik.hu\/wp-content\/uploads\/2026\/04\/DSC04640-EDIT-2048x1152.jpg 2048w\" sizes=\"auto, (max-width: 647px) 100vw, 647px\" \/><\/figure>\n\n\n\n<p>1990. <strong>Fog\u00e1szati szakasszisztens szakk\u00e9pes\u00edt\u00e9s<\/strong><br>2004. <strong>Dent\u00e1lhigi\u00e9nikus<\/strong><\/p>\n\n\n\n<p>2011 \u00f3ta dolgozom az AllDent Klinik rendel\u0151ben, annak megnyit\u00e1sa \u00f3ta.<br>Betegeimet bar\u00e1ts\u00e1gos, oldott hangulatban szeretem kezelni, \u00edgy \u00f6r\u00f6mmel j\u00f6nnek \u00e9s j\u00e1rnak vissza rendszeresen hozz\u00e1m. C\u00e9lom a fogak \u00e9s a sz\u00e1j\u00e1pol\u00e1s professzion\u00e1lis kezel\u00e9se, hogy ezzel is seg\u00edtsem a sikeres fog\u00e1szati beavatkoz\u00e1sokat.<\/p>\n","protected":false},"excerpt":{"rendered":"<p>1990. Fog\u00e1szati szakasszisztens szakk\u00e9pes\u00edt\u00e9s2004. Dent\u00e1lhigi\u00e9nikus 2011 \u00f3ta dolgozom az AllDent Klinik rendel\u0151ben, annak megnyit\u00e1sa \u00f3ta.Betegeimet bar\u00e1ts\u00e1gos, oldott hangulatban szeretem kezelni, \u00edgy \u00f6r\u00f6mmel j\u00f6nnek \u00e9s j\u00e1rnak vissza rendszeresen hozz\u00e1m. C\u00e9lom a fogak \u00e9s a sz\u00e1j\u00e1pol\u00e1s professzion\u00e1lis kezel\u00e9se, hogy ezzel is seg\u00edtsem a sikeres fog\u00e1szati beavatkoz\u00e1sokat.<\/p>\n","protected":false},"author":1,"featured_media":0,"parent":7,"menu_order":6,"comment_status":"open","ping_status":"open","template":"","meta":{"footnotes":""},"class_list":["post-393","page","type-page","status-publish","hentry"],"_links":{"self":[{"href":"http:\/\/alldentklinik.hu\/wp-json\/wp\/v2\/pages\/393","targetHints":{"allow":["GET"]}}],"collection":[{"href":"http:\/\/alldentklinik.hu\/wp-json\/wp\/v2\/pages"}],"about":[{"href":"http:\/\/alldentklinik.hu\/wp-json\/wp\/v2\/types\/page"}],"author":[{"embeddable":true,"href":"http:\/\/alldentklinik.hu\/wp-json\/wp\/v2\/users\/1"}],"replies":[{"embeddable":true,"href":"http:\/\/alldentklinik.hu\/wp-json\/wp\/v2\/comments?post=393"}],"version-history":[{"count":4,"href":"http:\/\/alldentklinik.hu\/wp-json\/wp\/v2\/pages\/393\/revisions"}],"predecessor-version":[{"id":434,"href":"http:\/\/alldentklinik.hu\/wp-json\/wp\/v2\/pages\/393\/revisions\/434"}],"up":[{"embeddable":true,"href":"http:\/\/alldentklinik.hu\/wp-json\/wp\/v2\/pages\/7"}],"wp:attachment":[{"href":"http:\/\/alldentklinik.hu\/wp-json\/wp\/v2\/media?parent=393"}],"curies":[{"name":"wp","href":"https:\/\/api.w.org\/{rel}","templated":true}]}}