{"id":390,"date":"2026-04-16T14:53:56","date_gmt":"2026-04-16T12:53:56","guid":{"rendered":"http:\/\/alldentklinik.hu\/?page_id=390"},"modified":"2026-04-16T18:51:23","modified_gmt":"2026-04-16T16:51:23","slug":"dr-pesztenlehrer-aliz","status":"publish","type":"page","link":"http:\/\/alldentklinik.hu\/orvosaink\/dr-pesztenlehrer-aliz\/","title":{"rendered":"Dr. Pesztenlehrer Al\u00edz"},"content":{"rendered":"\n<figure class=\"wp-block-image aligncenter size-large is-resized\"><img loading=\"lazy\" decoding=\"async\" width=\"576\" height=\"1024\" src=\"http:\/\/alldentklinik.hu\/wp-content\/uploads\/2026\/04\/DSC04778-EDIT-576x1024.jpg\" alt=\"\" class=\"wp-image-435\" style=\"aspect-ratio:0.5625041593615125;width:332px;height:auto\" srcset=\"http:\/\/alldentklinik.hu\/wp-content\/uploads\/2026\/04\/DSC04778-EDIT-576x1024.jpg 576w, http:\/\/alldentklinik.hu\/wp-content\/uploads\/2026\/04\/DSC04778-EDIT-169x300.jpg 169w, http:\/\/alldentklinik.hu\/wp-content\/uploads\/2026\/04\/DSC04778-EDIT-768x1365.jpg 768w, http:\/\/alldentklinik.hu\/wp-content\/uploads\/2026\/04\/DSC04778-EDIT-864x1536.jpg 864w, http:\/\/alldentklinik.hu\/wp-content\/uploads\/2026\/04\/DSC04778-EDIT.jpg 1089w\" sizes=\"auto, (max-width: 576px) 100vw, 576px\" \/><\/figure>\n\n\n<p>2024-ben v\u00e9geztem a Szegedi Tudom\u00e1nyegyetem Fogorvostudom\u00e1nyi Kar\u00e1n.<br \/>\nSz\u00e1momra a legfontosabb, hogy a p\u00e1ciensek nyugodt k\u00f6rnyezetben, stresszmentesen, magas min\u0151s\u00e9g\u0171 fog\u00e1szati ell\u00e1t\u00e1sban r\u00e9szes\u00fcljenek. Tud\u00e1somat rendszeresen b\u0151v\u00edtem szakmai tov\u00e1bbk\u00e9pz\u00e9seken. Fogp\u00f3tl\u00e1sok, fogmegtart\u00f3<br \/>\nkezel\u00e9sek mellett sz\u00e1jseb\u00e9szeti\u00a0 beavatkoz\u00e1sokkal igyekszem a p\u00e1ciensek sz\u00e1m\u00e1ra megadni a funkcion\u00e1lisan, illetve eszt\u00e9tikailag is fontos mosolyt \u00e9s r\u00e1g\u00f3k\u00e9pess\u00e9get.<\/p>","protected":false},"excerpt":{"rendered":"<p>2024-ben v\u00e9geztem a Szegedi Tudom\u00e1nyegyetem Fogorvostudom\u00e1nyi Kar\u00e1n. Sz\u00e1momra a legfontosabb, hogy a p\u00e1ciensek nyugodt k\u00f6rnyezetben, stresszmentesen, magas min\u0151s\u00e9g\u0171 fog\u00e1szati ell\u00e1t\u00e1sban r\u00e9szes\u00fcljenek. Tud\u00e1somat rendszeresen b\u0151v\u00edtem szakmai tov\u00e1bbk\u00e9pz\u00e9seken. Fogp\u00f3tl\u00e1sok, fogmegtart\u00f3 kezel\u00e9sek mellett sz\u00e1jseb\u00e9szeti\u00a0 beavatkoz\u00e1sokkal igyekszem a p\u00e1ciensek sz\u00e1m\u00e1ra megadni a funkcion\u00e1lisan, illetve eszt\u00e9tikailag is fontos mosolyt \u00e9s r\u00e1g\u00f3k\u00e9pess\u00e9get.<\/p>\n","protected":false},"author":1,"featured_media":0,"parent":7,"menu_order":5,"comment_status":"closed","ping_status":"closed","template":"","meta":{"footnotes":""},"class_list":["post-390","page","type-page","status-publish","hentry"],"_links":{"self":[{"href":"http:\/\/alldentklinik.hu\/wp-json\/wp\/v2\/pages\/390","targetHints":{"allow":["GET"]}}],"collection":[{"href":"http:\/\/alldentklinik.hu\/wp-json\/wp\/v2\/pages"}],"about":[{"href":"http:\/\/alldentklinik.hu\/wp-json\/wp\/v2\/types\/page"}],"author":[{"embeddable":true,"href":"http:\/\/alldentklinik.hu\/wp-json\/wp\/v2\/users\/1"}],"replies":[{"embeddable":true,"href":"http:\/\/alldentklinik.hu\/wp-json\/wp\/v2\/comments?post=390"}],"version-history":[{"count":4,"href":"http:\/\/alldentklinik.hu\/wp-json\/wp\/v2\/pages\/390\/revisions"}],"predecessor-version":[{"id":437,"href":"http:\/\/alldentklinik.hu\/wp-json\/wp\/v2\/pages\/390\/revisions\/437"}],"up":[{"embeddable":true,"href":"http:\/\/alldentklinik.hu\/wp-json\/wp\/v2\/pages\/7"}],"wp:attachment":[{"href":"http:\/\/alldentklinik.hu\/wp-json\/wp\/v2\/media?parent=390"}],"curies":[{"name":"wp","href":"https:\/\/api.w.org\/{rel}","templated":true}]}}